{"id":1234,"date":"2018-10-10T11:45:44","date_gmt":"2018-10-10T02:45:44","guid":{"rendered":"https:\/\/shoubun.jp\/italiano\/?page_id=1234"},"modified":"2018-10-10T15:06:12","modified_gmt":"2018-10-10T06:06:12","slug":"business-enquiries","status":"publish","type":"page","link":"https:\/\/shoubun.jp\/italiano\/business-enquiries\/","title":{"rendered":"Richieste Commerciali"},"content":{"rendered":"<p>Shoubunsu offre anche la possibilit\u00e0 di consultazioni per quanto riguarda le certificazioni PB e OG.<\/p>\n<p>Se aveste domande tipo \u201cvoglio vendere packaging della mia azienda\u201d, \u201cvoglio creare prodotti originali che vadano incontro l gusto della regione\u201d, \u201cvoglio sapere di pi\u00f9 riguardo alle norme sul packaging a ine commerciale\u201d, non esitate a contattarci.<\/p>\n<p>Per qualsiasi domanda e richiesta a fini commerciali, vi chiediamo cortesemente di compilare il modulo che segue o di contattarci telefonicamente. In risposta alla vostra email vi verr\u00e0 inviata una risposta automatica e separatamente d questa, entro due giorni lavorativi, un incaricato si occuper\u00e0 di rispondervi personalmente via email. Se non doveste ricevere un risposta entro due giorni lavorativi, si pu\u00f2 essere verificata la possibilit\u00e0 di non aver ricevuto l vostra email, quindi vi preghiamo di scriverci nuovamente.<\/p>\n<h3>INVIA UN MESSAGGIO<\/h3>\n\n<div class=\"wpcf7 no-js\" id=\"wpcf7-f51-o1\" lang=\"en-US\" dir=\"ltr\" data-wpcf7-id=\"51\">\n<div class=\"screen-reader-response\"><p role=\"status\" aria-live=\"polite\" aria-atomic=\"true\"><\/p> <ul><\/ul><\/div>\n<form action=\"\/italiano\/wp-json\/wp\/v2\/pages\/1234#wpcf7-f51-o1\" method=\"post\" class=\"wpcf7-form init\" aria-label=\"Contact form\" novalidate=\"novalidate\" data-status=\"init\">\n<fieldset class=\"hidden-fields-container\"><input type=\"hidden\" name=\"_wpcf7\" value=\"51\" \/><input type=\"hidden\" name=\"_wpcf7_version\" value=\"6.1.5\" \/><input type=\"hidden\" name=\"_wpcf7_locale\" value=\"en_US\" \/><input type=\"hidden\" name=\"_wpcf7_unit_tag\" value=\"wpcf7-f51-o1\" \/><input type=\"hidden\" name=\"_wpcf7_container_post\" value=\"0\" \/><input type=\"hidden\" name=\"_wpcf7_posted_data_hash\" value=\"\" \/>\n<\/fieldset>\n<div class=\"row\">\n\t<div class=\"col-md-6\">\n\t\t<p><span class=\"large-label\">Your Name (*)<\/span>\n\t\t<\/p>\n\t\t<p><span class=\"wpcf7-form-control-wrap\" data-name=\"your-name\"><input size=\"40\" maxlength=\"400\" class=\"wpcf7-form-control wpcf7-text wpcf7-validates-as-required\" aria-required=\"true\" aria-invalid=\"false\" value=\"\" type=\"text\" name=\"your-name\" \/><\/span>\n\t\t<\/p>\n\t<\/div>\n\t<div class=\"col-md-6\">\n\t\t<p><span class=\"large-label\">Your Email (*)<\/span>\n\t\t<\/p>\n\t\t<p><span class=\"wpcf7-form-control-wrap\" data-name=\"your-email\"><input size=\"40\" maxlength=\"400\" class=\"wpcf7-form-control wpcf7-email wpcf7-validates-as-required wpcf7-text wpcf7-validates-as-email\" aria-required=\"true\" aria-invalid=\"false\" value=\"\" type=\"email\" name=\"your-email\" \/><\/span>\n\t\t<\/p>\n\t<\/div>\n<\/div>\n<p><span class=\"large-label\">Subject<\/span>\n<\/p>\n<p><span class=\"wpcf7-form-control-wrap\" data-name=\"your-subject\"><input size=\"40\" maxlength=\"400\" class=\"wpcf7-form-control wpcf7-text\" aria-invalid=\"false\" value=\"\" type=\"text\" name=\"your-subject\" \/><\/span>\n<\/p>\n<p><span class=\"large-label\">Your Message<\/span>\n<\/p>\n<p><span class=\"wpcf7-form-control-wrap\" data-name=\"your-message\"><textarea cols=\"40\" rows=\"10\" maxlength=\"2000\" class=\"wpcf7-form-control wpcf7-textarea\" aria-invalid=\"false\" name=\"your-message\"><\/textarea><\/span>\n<\/p>\n<div class=\"contact-submit\">\n\t<p><input class=\"wpcf7-form-control wpcf7-submit has-spinner\" type=\"submit\" value=\"Send\" \/>\n\t<\/p>\n<\/div><p style=\"display: none !important;\" class=\"akismet-fields-container\" data-prefix=\"_wpcf7_ak_\"><label>&#916;<textarea name=\"_wpcf7_ak_hp_textarea\" cols=\"45\" rows=\"8\" maxlength=\"100\"><\/textarea><\/label><input type=\"hidden\" id=\"ak_js_1\" name=\"_wpcf7_ak_js\" value=\"183\"\/><script>document.getElementById( \"ak_js_1\" ).setAttribute( \"value\", ( new Date() ).getTime() );<\/script><\/p><div class=\"wpcf7-response-output\" aria-hidden=\"true\"><\/div>\n<\/form>\n<\/div>\n\n","protected":false},"excerpt":{"rendered":"<p>Shoubunsu offre anche la possibilit\u00e0 di consultazioni per quanto riguarda le certificazioni PB e OG. Se aveste domande tipo \u201cvoglio vendere packaging della mia azienda\u201d, \u201cvoglio creare prodotti originali che vadano incontro l gusto della regione\u201d, \u201cvoglio sapere di pi\u00f9 riguardo alle norme sul packaging a ine commerciale\u201d, non esitate&#8230;<\/p>\n","protected":false},"author":5,"featured_media":1185,"parent":0,"menu_order":0,"comment_status":"closed","ping_status":"closed","template":"","meta":{"jetpack_post_was_ever_published":false,"footnotes":""},"class_list":["post-1234","page","type-page","status-publish","has-post-thumbnail","hentry"],"aioseo_notices":[],"jetpack_sharing_enabled":true,"jetpack_shortlink":"https:\/\/wp.me\/PalpNX-jU","_links":{"self":[{"href":"https:\/\/shoubun.jp\/italiano\/wp-json\/wp\/v2\/pages\/1234","targetHints":{"allow":["GET"]}}],"collection":[{"href":"https:\/\/shoubun.jp\/italiano\/wp-json\/wp\/v2\/pages"}],"about":[{"href":"https:\/\/shoubun.jp\/italiano\/wp-json\/wp\/v2\/types\/page"}],"author":[{"embeddable":true,"href":"https:\/\/shoubun.jp\/italiano\/wp-json\/wp\/v2\/users\/5"}],"replies":[{"embeddable":true,"href":"https:\/\/shoubun.jp\/italiano\/wp-json\/wp\/v2\/comments?post=1234"}],"version-history":[{"count":4,"href":"https:\/\/shoubun.jp\/italiano\/wp-json\/wp\/v2\/pages\/1234\/revisions"}],"predecessor-version":[{"id":1264,"href":"https:\/\/shoubun.jp\/italiano\/wp-json\/wp\/v2\/pages\/1234\/revisions\/1264"}],"wp:featuredmedia":[{"embeddable":true,"href":"https:\/\/shoubun.jp\/italiano\/wp-json\/wp\/v2\/media\/1185"}],"wp:attachment":[{"href":"https:\/\/shoubun.jp\/italiano\/wp-json\/wp\/v2\/media?parent=1234"}],"curies":[{"name":"wp","href":"https:\/\/api.w.org\/{rel}","templated":true}]}}